{"id":80,"date":"2011-10-12T06:36:46","date_gmt":"2011-10-12T06:36:46","guid":{"rendered":"http:\/\/email-marketing-profesional.com\/tv08\/?page_id=80"},"modified":"2011-10-22T06:09:14","modified_gmt":"2011-10-22T06:09:14","slug":"caracteristicas","status":"publish","type":"page","link":"http:\/\/email-marketing-profesional.com\/tv08\/caracteristicas","title":{"rendered":"CARACTERISTICAS"},"content":{"rendered":"<div align=\"center\"><object width=\"728\" height=\"90\" classid=\"clsid:d27cdb6e-ae6d-11cf-96b8-444553540000\" codebase=\"http:\/\/download.macromedia.com\/pub\/shockwave\/cabs\/flash\/swflash.cab#version=6,0,40,0\"><param name=\"quality\" value=\"best\" \/><param name=\"menu\" value=\"true\" \/><param name=\"allowScriptAccess\" value=\"sameDomain\" \/><param name=\"src\" value=\"2.swf\" \/><param name=\"pluginspage\" value=\"http:\/\/www.macromedia.com\/go\/getflashplayer\" \/><param name=\"allowscriptaccess\" value=\"sameDomain\" \/><embed width=\"728\" height=\"90\" type=\"application\/x-shockwave-flash\" src=\"2.swf\" quality=\"best\" menu=\"true\" allowScriptAccess=\"sameDomain\" pluginspage=\"http:\/\/www.macromedia.com\/go\/getflashplayer\" allowscriptaccess=\"sameDomain\" \/><\/object><\/div>\n<p><span style=\"color: #ffffff;\">&#8211;<\/span><br \/>\n<span style=\"color: #ffffff;\">&#8211;<\/span><br \/>\n<span style=\"color: #ffffff;\">&#8211;<\/span><\/p>\n<div align=\"center\"><img loading=\"lazy\" src=\"http:\/\/email-marketing-profesional.com\/titulogrande3.png\" alt=\"ingrese a una demo de la plataforma de email marketing\" width=\"800\" height=\"71\" \/><\/div>\n<p><span style=\"color: #ffffff;\">&#8211;<\/span><br \/>\n<span style=\"color: #ffffff;\">&#8211;<\/span><\/p>\n<table class=\"aligncenter\" width=\"798\" cellspacing=\"20\" cellpadding=\"20\" align=\"center\">\n<tbody>\n<tr>\n<td valign=\"top\" width=\"25\"><img loading=\"lazy\" src=\"http:\/\/email-marketing-profesional.com\/9.jpg\" alt=\"email marketing\" width=\"25\" height=\"25\" \/><\/td>\n<td width=\"725\">\n<div style=\"text-align: justify;\" align=\"justify\"><span style=\"color: #000000;\">Si desea ingresar a una cuenta demo de la plataforma de email marketing haga <span style=\"color: #0000ff;\"><a href=\"http:\/\/email-marketing-profesional.com\/admin\/index.php\" target=\"_blank\"><span style=\"color: #0000ff;\">click aqu\u00ed<\/span><\/a><\/span>, cuando ingrese al link el sistema le va a solicitar un usuario y contrase\u00f1a, en el campo usuario coloque <strong><span style=\"color: #ff0000;\">demo<\/span><\/strong> y en el campo contrase\u00f1a coloque <strong><span style=\"color: #ff0000;\">demo<\/span><\/strong>, tenga en cuenta que solamente podr\u00e1 navegar por la plataforma pero no va a poder realizar env\u00edos de emails.<\/span><\/div>\n<\/td>\n<\/tr>\n<tr>\n<td valign=\"top\"><img loading=\"lazy\" src=\"http:\/\/email-marketing-profesional.com\/9.jpg\" alt=\"email marketing\" width=\"25\" height=\"25\" \/><\/td>\n<td>\n<div style=\"text-align: justify;\" align=\"justify\"><span style=\"color: #000000;\">Si quiere probar el servicio p\u00f3ngase en contacto con nuestra empresa y procederemos a crearle una cuenta para que pueda enviar 1.000 emails de muestra y as\u00ed podr\u00e1 ver como es el funcionamiento de la plataforma.<\/span><\/div>\n<\/td>\n<\/tr>\n<\/tbody>\n<\/table>\n<p><span style=\"color: #ffffff;\">&#8211;<\/span><br \/>\n<span style=\"color: #ffffff;\">&#8211;<\/span><br \/>\n<span style=\"color: #ffffff;\">&#8211;<\/span><\/p>\n<div align=\"center\"><img loading=\"lazy\" src=\"http:\/\/email-marketing-profesional.com\/titulogrande9.png\" alt=\"caracteristicas de la plataforma de email marketing\" width=\"800\" height=\"71\" \/><\/div>\n<p><span style=\"color: #ffffff;\">&#8211;<\/span><br \/>\n<span style=\"color: #ffffff;\">&#8211;<\/span><\/p>\n<table width=\"798\" border=\"0\" cellspacing=\"20\" cellpadding=\"20\" align=\"center\">\n<tbody>\n<tr>\n<td valign=\"top\" width=\"25\"><img loading=\"lazy\" src=\"http:\/\/email-marketing-profesional.com\/9.jpg\" alt=\"email marketing\" width=\"25\" height=\"25\" \/><\/td>\n<td width=\"773\">\n<div align=\"justify\"><span style=\"color: #000000;\">Sistema avanzado de Email Marketing con Estad\u00edsticas Online, el ingreso a la plataforma se realiza v\u00eda web, nuestra empresa habilita para cada cliente un v\u00ednculo web al cual podr\u00e1 ingresar por internet con un usuario y contrase\u00f1a, al ingresar encontrar\u00e1 un sistema de gesti\u00f3n de campa\u00f1as de Email Marketing con estad\u00edsticas online.<\/span><\/div>\n<\/td>\n<\/tr>\n<tr>\n<td valign=\"top\"><img loading=\"lazy\" src=\"http:\/\/email-marketing-profesional.com\/9.jpg\" alt=\"email marketing\" width=\"25\" height=\"25\" \/><\/td>\n<td>\n<div align=\"justify\"><span style=\"color: #000000;\">Sistema con interface web, utilizaci\u00f3n f\u00e1cil e intuitiva, los requerimientos por parte del usuario son tener una computadora con conexi\u00f3n a internet.<\/span><\/div>\n<\/td>\n<\/tr>\n<tr>\n<td valign=\"top\"><img loading=\"lazy\" src=\"http:\/\/email-marketing-profesional.com\/9.jpg\" alt=\"email marketing\" width=\"25\" height=\"25\" \/><\/td>\n<td>\n<div align=\"justify\"><span style=\"color: #000000;\">Podr\u00e1 crear listas ilimitadas, importar suscriptores desde archivos txt y csv, tambi\u00e9n podr\u00e1 desuscribir, eliminar y exportar a su computadora los suscriptores que se encuentran en sus listas.<\/span><\/div>\n<\/td>\n<\/tr>\n<tr>\n<td valign=\"top\"><img loading=\"lazy\" src=\"http:\/\/email-marketing-profesional.com\/9.jpg\" alt=\"email marketing\" width=\"25\" height=\"25\" \/><\/td>\n<td>\n<div align=\"justify\"><span style=\"color: #000000;\">Nuestro sistema le permite crear boletines electr\u00f3nicos (Newsletters) profesionales basados en nuestras plantillas para Email Marketing de alta calidad. Edite todo en un simple editor sin tener conocimiento de c\u00f3digo HTML. Podr\u00e1 crear mensajes en formato HTML, Texto o ambos con un editor HTML avanzado.<\/span><\/div>\n<\/td>\n<\/tr>\n<tr>\n<td valign=\"top\"><img loading=\"lazy\" src=\"http:\/\/email-marketing-profesional.com\/9.jpg\" alt=\"email marketing\" width=\"25\" height=\"25\" \/><\/td>\n<td>\n<div align=\"justify\"><span style=\"color: #000000;\">Podr\u00e1 enviar y gestionar su publicidad con estad\u00edsticas completas sobre el comportamiento de sus suscriptores. Sepa qui\u00e9n, d\u00f3nde y cu\u00e1ndo hicieron click en su bolet\u00edn de noticias. Visualice el rendimiento de su publicidad y mejore la relaci\u00f3n con sus clientes.<\/span><\/div>\n<\/td>\n<\/tr>\n<tr>\n<td valign=\"top\"><img loading=\"lazy\" src=\"http:\/\/email-marketing-profesional.com\/9.jpg\" alt=\"email marketing\" width=\"25\" height=\"25\" \/><\/td>\n<td>\n<div align=\"justify\"><span style=\"color: #000000;\">La plataforma de Email Marketing gestiona los emails rebotados y las desuscripciones autom\u00e1ticamente, manteniendo sus listas limpias de emails inexistentes y de usuarios que no desean recibir publicidad, el sistema posee una opci\u00f3n en la cual puede colocar un link de desuscripci\u00f3n en sus boletines electr\u00f3nicos (Newsletters) para que los suscriptores puedan solicitar la baja de la lista autom\u00e1ticamente.<\/span><\/div>\n<\/td>\n<\/tr>\n<tr>\n<td valign=\"top\"><img loading=\"lazy\" src=\"http:\/\/email-marketing-profesional.com\/9.jpg\" alt=\"email marketing\" width=\"25\" height=\"25\" \/><\/td>\n<td>\n<div align=\"justify\"><span style=\"color: #000000;\">Cada cliente tendr\u00e1 su IP y Dominio exclusivo, estos no se compartir\u00e1n con otros usuarios, garantizando el correcto funcionamiento del servicio.<\/span><\/div>\n<\/td>\n<\/tr>\n<tr>\n<td valign=\"top\"><img loading=\"lazy\" src=\"http:\/\/email-marketing-profesional.com\/9.jpg\" alt=\"email marketing\" width=\"25\" height=\"25\" \/><\/td>\n<td>\n<div align=\"justify\"><span style=\"color: #000000;\">Adem\u00e1s de proporcionarle poderosas herramientas de marketing online, nuestro sistema incluye un Servidor SMTP Dedicado para cada cliente.<\/span><\/div>\n<\/td>\n<\/tr>\n<tr>\n<td valign=\"top\"><img loading=\"lazy\" src=\"http:\/\/email-marketing-profesional.com\/9.jpg\" alt=\"email marketing\" width=\"25\" height=\"25\" \/><\/td>\n<td>\n<div align=\"justify\"><span style=\"color: #000000;\">La velocidad de env\u00edo de emails del sistema es de 1.000 emails por hora, 24.000 emails por d\u00eda, aproximadamente 750.000 emails por mes.<\/span><\/div>\n<\/td>\n<\/tr>\n<tr>\n<td valign=\"top\"><img loading=\"lazy\" src=\"http:\/\/email-marketing-profesional.com\/9.jpg\" alt=\"email marketing\" width=\"25\" height=\"25\" \/><\/td>\n<td>\n<div align=\"justify\"><span style=\"color: #000000;\">Cada cliente podr\u00e1 utilizar sus propias bases de datos de emails, sino posee una, nuestra empresa le puede alquilar o vender bases de datos de emails verificadas para que pueda enviar su publicidad.<\/span><\/div>\n<\/td>\n<\/tr>\n<tr>\n<td valign=\"top\"><img loading=\"lazy\" src=\"http:\/\/email-marketing-profesional.com\/9.jpg\" alt=\"email marketing\" width=\"25\" height=\"25\" \/><\/td>\n<td>\n<div align=\"justify\"><span style=\"color: #000000;\">Monitoreamos constantemente los servidores y las plataformas de cada uno de nuestros clientes para garantizar el correcto funcionamiento del sistema, tambi\u00e9n tenemos soporte t\u00e9cnico por medio de ticket.<\/span><\/div>\n<\/td>\n<\/tr>\n<tr>\n<td valign=\"top\"><img loading=\"lazy\" src=\"http:\/\/email-marketing-profesional.com\/9.jpg\" alt=\"email marketing\" width=\"25\" height=\"25\" \/><\/td>\n<td>\n<div align=\"justify\"><span style=\"color: #000000;\">Posibilidad de indicar una direcci\u00f3n de email para recibir respuestas. Podr\u00e1 personalizar el mensaje agregando cualquier dato del suscriptor.<\/span><\/div>\n<\/td>\n<\/tr>\n<tr>\n<td valign=\"top\"><img loading=\"lazy\" src=\"http:\/\/email-marketing-profesional.com\/9.jpg\" alt=\"email marketing\" width=\"25\" height=\"25\" \/><\/td>\n<td>\n<div align=\"justify\"><span style=\"color: #000000;\">Posibilidad de enviar un mensaje de prueba antes de iniciar el env\u00edo. Podr\u00e1 previsualizar el mensaje de env\u00edo en sus diferentes formatos.<\/span><\/div>\n<\/td>\n<\/tr>\n<tr>\n<td valign=\"top\"><img loading=\"lazy\" src=\"http:\/\/email-marketing-profesional.com\/9.jpg\" alt=\"email marketing\" width=\"25\" height=\"25\" \/><\/td>\n<td>\n<div align=\"justify\"><span style=\"color: #000000;\">Posibilidad de enviar inmediatamente un mensaje con su publicidad o agendarlo para ser enviado autom\u00e1ticamente en una determinada hora y d\u00eda.<\/span><\/div>\n<\/td>\n<\/tr>\n<tr>\n<td valign=\"top\"><img loading=\"lazy\" src=\"http:\/\/email-marketing-profesional.com\/9.jpg\" alt=\"email marketing\" width=\"25\" height=\"25\" \/><\/td>\n<td>\n<div align=\"justify\"><span style=\"color: #000000;\">Posibilidad de detener el env\u00edo de emails de su publicidad antes de que se haya completado. Podr\u00e1 reanudar los env\u00edos de emails detenidos.<\/span><\/div>\n<\/td>\n<\/tr>\n<tr>\n<td valign=\"top\"><img loading=\"lazy\" src=\"http:\/\/email-marketing-profesional.com\/9.jpg\" alt=\"email marketing\" width=\"25\" height=\"25\" \/><\/td>\n<td>\n<div align=\"justify\"><span style=\"color: #000000;\">Posibilidad de gestionar los correos rechazados (rebotes de emails), en donde se indica el motivo y tipo del rechazo (temporal o permanente).<\/span><\/div>\n<\/td>\n<\/tr>\n<tr>\n<td valign=\"top\"><img loading=\"lazy\" src=\"http:\/\/email-marketing-profesional.com\/9.jpg\" alt=\"email marketing\" width=\"25\" height=\"25\" \/><\/td>\n<td>\n<div align=\"justify\"><span style=\"color: #000000;\">Posibilidad de reenviar el mensaje a las direcciones rechazadas del tipo temporal. Podr\u00e1 eliminar las direcciones rechazadas de las listas.<\/span><\/div>\n<\/td>\n<\/tr>\n<tr>\n<td valign=\"top\"><img loading=\"lazy\" src=\"http:\/\/email-marketing-profesional.com\/9.jpg\" alt=\"email marketing\" width=\"25\" height=\"25\" \/><\/td>\n<td>\n<div align=\"justify\"><span style=\"color: #000000;\">Posibilidad de visualizar un resumen completo del env\u00edo el cual incluye reporte de env\u00edos realizados, rebotados, le\u00eddo, fallidos y desuscriptos por mensaje.<\/span><\/div>\n<\/td>\n<\/tr>\n<tr>\n<td valign=\"top\"><img loading=\"lazy\" src=\"http:\/\/email-marketing-profesional.com\/9.jpg\" alt=\"email marketing\" width=\"25\" height=\"25\" \/><\/td>\n<td>\n<div align=\"justify\"><span style=\"color: #000000;\">Gr\u00e1fico con los porcentajes de emails enviados, le\u00eddos (aperturas de emails), desuscriptos, rechazados (rebotes de emails) y comparaci\u00f3n de la cantidad de lecturas por d\u00eda.<\/span><\/div>\n<\/td>\n<\/tr>\n<tr>\n<td valign=\"top\"><img loading=\"lazy\" src=\"http:\/\/email-marketing-profesional.com\/9.jpg\" alt=\"email marketing\" width=\"25\" height=\"25\" \/><\/td>\n<td>\n<div align=\"justify\"><span style=\"color: #000000;\">Tabla de lecturas, reportes de enlaces \/ links visitados que indican el email del suscriptor, fecha de env\u00edo del mensaje y fecha de la primera lectura.<\/span><\/div>\n<\/td>\n<\/tr>\n<tr>\n<td valign=\"top\"><img loading=\"lazy\" src=\"http:\/\/email-marketing-profesional.com\/9.jpg\" alt=\"email marketing\" width=\"25\" height=\"25\" \/><\/td>\n<td>\n<div align=\"justify\"><span style=\"color: #000000;\">Gr\u00e1fico de barra con los click \u00fanicos y totales de los links del mensaje. Podr\u00e1 hacer un seguimiento de los clicks que se hicieron en los links del mensaje.<\/span><\/div>\n<\/td>\n<\/tr>\n<tr>\n<td valign=\"top\"><img loading=\"lazy\" src=\"http:\/\/email-marketing-profesional.com\/9.jpg\" alt=\"email marketing\" width=\"25\" height=\"25\" \/><\/td>\n<td>\n<div align=\"justify\"><span style=\"color: #000000;\">Lista de emails rebotados, indicando tipo de rechazo, temporal o permanente. Podr\u00e1 eliminar de las listas los emails rebotados temporales, permanentes o ambos.<\/span><\/div>\n<\/td>\n<\/tr>\n<tr>\n<td valign=\"top\"><img loading=\"lazy\" src=\"http:\/\/email-marketing-profesional.com\/9.jpg\" alt=\"email marketing\" width=\"25\" height=\"25\" \/><\/td>\n<td>\n<div align=\"justify\"><span style=\"color: #000000;\">Posibilidad de exportar a Excel listas de lecturas de emails (aperturas de emails), detalle de enlaces visitados, listas de desuscriptos y listas de emails rebotados.<\/span><\/div>\n<\/td>\n<\/tr>\n<tr>\n<td valign=\"top\"><img loading=\"lazy\" src=\"http:\/\/email-marketing-profesional.com\/9.jpg\" alt=\"email marketing\" width=\"25\" height=\"25\" \/><\/td>\n<td>\n<div align=\"justify\"><span style=\"color: #000000;\">Informaci\u00f3n de las estad\u00edsticas online del servicio las cuales incluyen n\u00famero de emails enviados, n\u00famero de emails abiertos (aperturas de emails), n\u00famero de emails desuscriptos y n\u00famero de emails no entregados.<\/span><\/div>\n<\/td>\n<\/tr>\n<tr>\n<td valign=\"top\"><img loading=\"lazy\" src=\"http:\/\/email-marketing-profesional.com\/9.jpg\" alt=\"email marketing\" width=\"25\" height=\"25\" \/><\/td>\n<td>\n<div align=\"justify\"><span style=\"color: #000000;\">Estad\u00edsticas completas o por Target Group, ratio de clic-through sobre el total de emails enviados, total de emails entregados y total de emails abiertos.<\/span><\/div>\n<\/td>\n<\/tr>\n<tr>\n<td valign=\"top\"><img loading=\"lazy\" src=\"http:\/\/email-marketing-profesional.com\/9.jpg\" alt=\"email marketing\" width=\"25\" height=\"25\" \/><\/td>\n<td>\n<div align=\"justify\"><span style=\"color: #000000;\">Estad\u00edsticas completas de las versiones HTML volcadas en la Web. Visualizaci\u00f3n online de las \u00e1reas de clic-troung y los enlaces de un mensaje.<\/span><\/div>\n<\/td>\n<\/tr>\n<tr>\n<td valign=\"top\"><img loading=\"lazy\" src=\"http:\/\/email-marketing-profesional.com\/9.jpg\" alt=\"email marketing\" width=\"25\" height=\"25\" \/><\/td>\n<td>\n<div align=\"justify\"><span style=\"color: #000000;\">M\u00f3dulo de monitorizaci\u00f3n de los env\u00edos que permite consultar las distintas acciones realizadas por los suscriptores, as\u00ed como su estado en tiempo real.<\/span><\/div>\n<\/td>\n<\/tr>\n<tr>\n<td valign=\"top\"><img loading=\"lazy\" src=\"http:\/\/email-marketing-profesional.com\/9.jpg\" alt=\"email marketing\" width=\"25\" height=\"25\" \/><\/td>\n<td>\n<div align=\"justify\"><span style=\"color: #000000;\">Posibilidad de integraci\u00f3n con diferentes plataformas CRM y ERP internas. Seguridad mediante control de IP de acceso, login y password encriptados.<\/span><\/div>\n<\/td>\n<\/tr>\n<\/tbody>\n<\/table>\n<p><span style=\"color: #ffffff;\">&#8211;<\/span><br \/>\n<span style=\"color: #ffffff;\">&#8211;<\/span><\/p>\n<p style=\"text-align: center;\"><span style=\"color: #000000;\">Si deseas hacernos alguna consulta sobre los servicios que ofrecemos puedes<\/span> <span style=\"color: #0000ff;\"><a href=\"http:\/\/email-marketing-profesional.com\/tv08\/contacto\"><span style=\"color: #0000ff;\">contactarnos aqu\u00ed<\/span><\/a><\/span><span style=\"color: #000000;\">.<\/span><\/p>\n<p><span style=\"color: #ffffff;\">&#8211;<\/span><\/p>\n<p align=\"center\"><span style=\"color: #0000ff;\"><a href=\"http:\/\/email-marketing-profesional.com\/tv08\/\"><span style=\"color: #0000ff;\">email marketing<\/span><\/a><\/span><span style=\"color: #000000;\">,<\/span> <span style=\"color: #0000ff;\"><a href=\"http:\/\/email-marketing-profesional.com\/tv08\/bases-de-datos\"><span style=\"color: #0000ff;\">bases de datos emails verificadas<\/span><\/a><\/span><span style=\"color: #000000;\">,<\/span> <span style=\"color: #0000ff;\"><a href=\"http:\/\/email-marketing-profesional.com\/tv08\/caracteristicas\"><span style=\"color: #0000ff;\">caracteristicas<\/span><\/a><\/span><span style=\"color: #000000;\">,<\/span> <span style=\"color: #0000ff;\"><a href=\"http:\/\/email-marketing-profesional.com\/tv08\/contacto\"><span style=\"color: #0000ff;\">contacto<\/span><\/a><\/span><span style=\"color: #000000;\">,<\/span> <span style=\"color: #0000ff;\"><a href=\"http:\/\/email-marketing-profesional.com\/tv08\/videos-tutoriales\"><span style=\"color: #0000ff;\">videos tutoriales<\/span><\/a><\/span><span style=\"color: #000000;\">.<\/span><\/p>\n<p><span style=\"color: #ffffff;\">&#8211;<\/span><br \/>\n<span style=\"color: #ffffff;\">&#8211;<\/span><\/p>\n","protected":false},"excerpt":{"rendered":"<p>&#8211; &#8211; &#8211; &#8211; &#8211; Si desea ingresar a una cuenta demo de la plataforma de email marketing haga click aqu\u00ed, cuando ingrese al link el sistema le va a solicitar un usuario y contrase\u00f1a, en el campo usuario coloque demo y en el campo contrase\u00f1a coloque demo, tenga en cuenta que solamente podr\u00e1 navegar [&hellip;]<\/p>\n","protected":false},"author":1,"featured_media":0,"parent":0,"menu_order":0,"comment_status":"open","ping_status":"open","template":"","meta":[],"_links":{"self":[{"href":"http:\/\/email-marketing-profesional.com\/tv08\/wp-json\/wp\/v2\/pages\/80"}],"collection":[{"href":"http:\/\/email-marketing-profesional.com\/tv08\/wp-json\/wp\/v2\/pages"}],"about":[{"href":"http:\/\/email-marketing-profesional.com\/tv08\/wp-json\/wp\/v2\/types\/page"}],"author":[{"embeddable":true,"href":"http:\/\/email-marketing-profesional.com\/tv08\/wp-json\/wp\/v2\/users\/1"}],"replies":[{"embeddable":true,"href":"http:\/\/email-marketing-profesional.com\/tv08\/wp-json\/wp\/v2\/comments?post=80"}],"version-history":[{"count":14,"href":"http:\/\/email-marketing-profesional.com\/tv08\/wp-json\/wp\/v2\/pages\/80\/revisions"}],"predecessor-version":[{"id":93,"href":"http:\/\/email-marketing-profesional.com\/tv08\/wp-json\/wp\/v2\/pages\/80\/revisions\/93"}],"wp:attachment":[{"href":"http:\/\/email-marketing-profesional.com\/tv08\/wp-json\/wp\/v2\/media?parent=80"}],"curies":[{"name":"wp","href":"https:\/\/api.w.org\/{rel}","templated":true}]}}